{"id":490,"date":"2021-06-08T10:40:05","date_gmt":"2021-06-08T10:40:05","guid":{"rendered":"http:\/\/kia.simpals.md\/?page_id=490"},"modified":"2026-03-18T10:45:58","modified_gmt":"2026-03-18T10:45:58","slug":"test-drive","status":"publish","type":"page","link":"https:\/\/kia.md\/ro\/test-drive\/","title":{"rendered":"Test Drive"},"content":{"rendered":"<p>Cunoa\u0219te\u021bi gama KIA \u00een timpul unui Test Drive gratuit, la care v\u0103 pute\u021bi \u00eenscrie prin telefon, e-mail sau completa\u021bi un formular, astfel \u00eenc\u00e2t distribuitorul s\u0103 v\u0103 poat\u0103 contacta cu o dat\u0103 convenabil\u0103 pentru \u00eent\u00e2lnire.<\/p>\n<p>&nbsp;<\/p>\n","protected":false},"excerpt":{"rendered":"<p>Cunoa\u0219te\u021bi gama KIA \u00een timpul unui Test Drive gratuit, la care v\u0103 pute\u021bi \u00eenscrie prin telefon, e-mail sau completa\u021bi un formular, astfel \u00eenc\u00e2t distribuitorul s\u0103 v\u0103 poat\u0103 contacta cu o dat\u0103 convenabil\u0103 pentru \u00eent\u00e2lnire. &nbsp;<\/p>\n","protected":false},"author":1,"featured_media":0,"parent":0,"menu_order":33,"comment_status":"closed","ping_status":"closed","template":"page-testdrive.php","meta":{"footnotes":""},"class_list":["post-490","page","type-page","status-publish","hentry"],"yoast_head":"<!-- This site is optimized with the Yoast SEO plugin v26.6 - https:\/\/yoast.com\/wordpress\/plugins\/seo\/ -->\n<title>Test Drive - KIA Moldova<\/title>\n<meta name=\"robots\" content=\"index, follow, max-snippet:-1, max-image-preview:large, max-video-preview:-1\" \/>\n<link rel=\"canonical\" href=\"https:\/\/kia.md\/ro\/test-drive\/\" \/>\n<meta property=\"og:locale\" content=\"ro_RO\" \/>\n<meta property=\"og:type\" content=\"article\" \/>\n<meta property=\"og:title\" content=\"Test Drive - KIA Moldova\" \/>\n<meta property=\"og:description\" content=\"Cunoa\u0219te\u021bi gama KIA \u00een timpul unui Test Drive gratuit, la care v\u0103 pute\u021bi \u00eenscrie prin telefon, e-mail sau completa\u021bi un formular, astfel \u00eenc\u00e2t distribuitorul s\u0103 v\u0103 poat\u0103 contacta cu o dat\u0103 convenabil\u0103 pentru \u00eent\u00e2lnire. &nbsp;\" \/>\n<meta property=\"og:url\" content=\"https:\/\/kia.md\/ro\/test-drive\/\" \/>\n<meta property=\"og:site_name\" content=\"KIA Moldova\" \/>\n<meta property=\"article:modified_time\" content=\"2026-03-18T10:45:58+00:00\" \/>\n<meta name=\"twitter:card\" content=\"summary_large_image\" \/>\n<meta name=\"twitter:label1\" content=\"Timp estimat pentru citire\" \/>\n\t<meta name=\"twitter:data1\" content=\"1 minut\" \/>\n<script type=\"application\/ld+json\" class=\"yoast-schema-graph\">{\"@context\":\"https:\/\/schema.org\",\"@graph\":[{\"@type\":\"WebPage\",\"@id\":\"https:\/\/kia.md\/ro\/test-drive\/\",\"url\":\"https:\/\/kia.md\/ro\/test-drive\/\",\"name\":\"Test Drive - KIA Moldova\",\"isPartOf\":{\"@id\":\"https:\/\/kia.md\/ro\/#website\"},\"datePublished\":\"2021-06-08T10:40:05+00:00\",\"dateModified\":\"2026-03-18T10:45:58+00:00\",\"breadcrumb\":{\"@id\":\"https:\/\/kia.md\/ro\/test-drive\/#breadcrumb\"},\"inLanguage\":\"ro-RO\",\"potentialAction\":[{\"@type\":\"ReadAction\",\"target\":[\"https:\/\/kia.md\/ro\/test-drive\/\"]}]},{\"@type\":\"BreadcrumbList\",\"@id\":\"https:\/\/kia.md\/ro\/test-drive\/#breadcrumb\",\"itemListElement\":[{\"@type\":\"ListItem\",\"position\":1,\"name\":\"\u0413\u043b\u0430\u0432\u043d\u0430\u044f \u0441\u0442\u0440\u0430\u043d\u0438\u0446\u0430\",\"item\":\"https:\/\/kia.md\/ro\/\"},{\"@type\":\"ListItem\",\"position\":2,\"name\":\"Test Drive\"}]},{\"@type\":\"WebSite\",\"@id\":\"https:\/\/kia.md\/ro\/#website\",\"url\":\"https:\/\/kia.md\/ro\/\",\"name\":\"KIA Moldova\",\"description\":\"AutoFrame-FM distribuitorul oficial al automobilelor KIA \u00een Moldova, Chi\u0219in\u0103u Socoleni18 kia md\",\"potentialAction\":[{\"@type\":\"SearchAction\",\"target\":{\"@type\":\"EntryPoint\",\"urlTemplate\":\"https:\/\/kia.md\/ro\/?s={search_term_string}\"},\"query-input\":{\"@type\":\"PropertyValueSpecification\",\"valueRequired\":true,\"valueName\":\"search_term_string\"}}],\"inLanguage\":\"ro-RO\"}]}<\/script>\n<!-- \/ Yoast SEO plugin. -->","yoast_head_json":{"title":"Test Drive - KIA Moldova","robots":{"index":"index","follow":"follow","max-snippet":"max-snippet:-1","max-image-preview":"max-image-preview:large","max-video-preview":"max-video-preview:-1"},"canonical":"https:\/\/kia.md\/ro\/test-drive\/","og_locale":"ro_RO","og_type":"article","og_title":"Test Drive - KIA Moldova","og_description":"Cunoa\u0219te\u021bi gama KIA \u00een timpul unui Test Drive gratuit, la care v\u0103 pute\u021bi \u00eenscrie prin telefon, e-mail sau completa\u021bi un formular, astfel \u00eenc\u00e2t distribuitorul s\u0103 v\u0103 poat\u0103 contacta cu o dat\u0103 convenabil\u0103 pentru \u00eent\u00e2lnire. &nbsp;","og_url":"https:\/\/kia.md\/ro\/test-drive\/","og_site_name":"KIA Moldova","article_modified_time":"2026-03-18T10:45:58+00:00","twitter_card":"summary_large_image","twitter_misc":{"Timp estimat pentru citire":"1 minut"},"schema":{"@context":"https:\/\/schema.org","@graph":[{"@type":"WebPage","@id":"https:\/\/kia.md\/ro\/test-drive\/","url":"https:\/\/kia.md\/ro\/test-drive\/","name":"Test Drive - KIA Moldova","isPartOf":{"@id":"https:\/\/kia.md\/ro\/#website"},"datePublished":"2021-06-08T10:40:05+00:00","dateModified":"2026-03-18T10:45:58+00:00","breadcrumb":{"@id":"https:\/\/kia.md\/ro\/test-drive\/#breadcrumb"},"inLanguage":"ro-RO","potentialAction":[{"@type":"ReadAction","target":["https:\/\/kia.md\/ro\/test-drive\/"]}]},{"@type":"BreadcrumbList","@id":"https:\/\/kia.md\/ro\/test-drive\/#breadcrumb","itemListElement":[{"@type":"ListItem","position":1,"name":"\u0413\u043b\u0430\u0432\u043d\u0430\u044f \u0441\u0442\u0440\u0430\u043d\u0438\u0446\u0430","item":"https:\/\/kia.md\/ro\/"},{"@type":"ListItem","position":2,"name":"Test Drive"}]},{"@type":"WebSite","@id":"https:\/\/kia.md\/ro\/#website","url":"https:\/\/kia.md\/ro\/","name":"KIA Moldova","description":"AutoFrame-FM distribuitorul oficial al automobilelor KIA \u00een Moldova, Chi\u0219in\u0103u Socoleni18 kia md","potentialAction":[{"@type":"SearchAction","target":{"@type":"EntryPoint","urlTemplate":"https:\/\/kia.md\/ro\/?s={search_term_string}"},"query-input":{"@type":"PropertyValueSpecification","valueRequired":true,"valueName":"search_term_string"}}],"inLanguage":"ro-RO"}]}},"_links":{"self":[{"href":"https:\/\/kia.md\/ro\/wp-json\/wp\/v2\/pages\/490","targetHints":{"allow":["GET"]}}],"collection":[{"href":"https:\/\/kia.md\/ro\/wp-json\/wp\/v2\/pages"}],"about":[{"href":"https:\/\/kia.md\/ro\/wp-json\/wp\/v2\/types\/page"}],"author":[{"embeddable":true,"href":"https:\/\/kia.md\/ro\/wp-json\/wp\/v2\/users\/1"}],"replies":[{"embeddable":true,"href":"https:\/\/kia.md\/ro\/wp-json\/wp\/v2\/comments?post=490"}],"version-history":[{"count":12,"href":"https:\/\/kia.md\/ro\/wp-json\/wp\/v2\/pages\/490\/revisions"}],"predecessor-version":[{"id":138495,"href":"https:\/\/kia.md\/ro\/wp-json\/wp\/v2\/pages\/490\/revisions\/138495"}],"wp:attachment":[{"href":"https:\/\/kia.md\/ro\/wp-json\/wp\/v2\/media?parent=490"}],"curies":[{"name":"wp","href":"https:\/\/api.w.org\/{rel}","templated":true}]}}