{"id":58594,"date":"2022-02-02T10:23:11","date_gmt":"2022-02-02T10:23:11","guid":{"rendered":"https:\/\/kia.md\/?page_id=58594"},"modified":"2022-02-02T11:33:46","modified_gmt":"2022-02-02T11:33:46","slug":"trade-in","status":"publish","type":"page","link":"https:\/\/kia.md\/ro\/trade-in\/","title":{"rendered":"Trade-In"},"content":{"rendered":"<p><span style=\"font-size: 14pt;\">Vrei s\u0103 schimbi ma\u0219ina ta veche pe una nou\u0103?<\/span><\/p>\n<p><span style=\"font-size: 14pt;\">Reprezentan\u021ba auto KIA Moldova \u00ee\u021bi ofer\u0103 serviciul avantajos \u201e<strong>Trade-In<\/strong>\u201d.<\/span><\/p>\n<p><span style=\"font-size: 14pt;\"><strong>Trade-In<\/strong> este un sistem profitabil \u00een care noi cump\u0103r\u0103m ma\u0219ina ta veche, iar tu achi\u021bi diferen\u021ba pentru o ma\u0219in\u0103 nou\u0103. Aceast\u0103 opera\u021biune v\u0103 permite s\u0103 face\u021bi achizi\u021bia unui automobil nou KIA c\u00e2t mai confortabil, rapid \u0219i sigur.<\/span><\/p>\n<p><span style=\"font-size: 14pt;\"><strong>Colabor\u00e2nd cu noi, ob\u021bii avantaje evidente:<\/strong><\/span><\/p>\n<p><span style=\"font-size: 14pt;\">\u2022 Selec\u021bie mare de ma\u0219ini noi KIA \u00een stoc \u0219i la comand\u0103;<\/span><br \/>\n<span style=\"font-size: 14pt;\">\u2022 Garan\u021bia transparen\u021bei tranzac\u021biei;<\/span><br \/>\n<span style=\"font-size: 14pt;\">\u2022 Securitate financiar\u0103;<\/span><br \/>\n<span style=\"font-size: 14pt;\">\u2022 Economie semnificativ\u0103 de timp;<\/span><br \/>\n<span style=\"font-size: 14pt;\">\u2022 \u00cenregistrarea rapid\u0103 a tranzac\u021biei de cump\u0103rare-v\u00e2nzare;<\/span><br \/>\n<span style=\"font-size: 14pt;\">\u2022 Nu este nevoie s\u0103 preg\u0103te\u0219ti ma\u0219ina pentru v\u00e2nzare;<\/span><br \/>\n<span style=\"font-size: 14pt;\">\u2022 Suport deplin al tranzac\u021biei de c\u0103tre un manager care va prelua organizarea \u00eentregului proces \u0219i va ajuta la rezolvarea oric\u0103ror probleme.<\/span><\/p>\n<p><span style=\"font-size: 14pt;\"><strong>Pentru a cump\u0103ra o ma\u0219in\u0103 nou\u0103 \u00een schimbul uneia vechi prin sistemul \u201eTrade-In\u201d, trebuie s\u0103:<\/strong><\/span><\/p>\n<p><span style=\"font-size: 14pt;\">\u2022 Contactezi reprezentan\u021ba auto KIA Moldova \u0219i managerii no\u0219tri \u00ee\u021bi vor evalua ma\u0219ina.<\/span><br \/>\n<span style=\"font-size: 14pt;\">\u2022 \u00ce\u021bi vom face o ofert\u0103 pentru un nou automobil KIA \u00een baza valorii stabilite a ma\u0219inii vechi.<\/span><br \/>\n<span style=\"font-size: 14pt;\">\u2022 Cump\u0103r\u0103m ma\u0219ina ta veche \u0219i devii m\u00e2ndru proprietar al unei ma\u0219ini KIA nou-nou\u021be.<\/span><\/p>\n<p><span style=\"font-size: 14pt;\">Completeaz\u0103 urm\u0103torul formular. C\u00e2mpurile marcate cu asterix (*) sunt obligatorii.<\/span><\/p>\n<p>&nbsp;<\/p>\n\n<div class=\"wpcf7 no-js\" id=\"wpcf7-f58451-o1\" lang=\"ru-RU\" dir=\"ltr\" data-wpcf7-id=\"58451\">\n<div class=\"screen-reader-response\"><p role=\"status\" aria-live=\"polite\" aria-atomic=\"true\"><\/p> <ul><\/ul><\/div>\n<form action=\"\/ro\/wp-json\/wp\/v2\/pages\/58594#wpcf7-f58451-o1\" method=\"post\" class=\"wpcf7-form init\" aria-label=\"\u041a\u043e\u043d\u0442\u0430\u043a\u0442\u043d\u0430\u044f \u0444\u043e\u0440\u043c\u0430\" enctype=\"multipart\/form-data\" novalidate=\"novalidate\" data-status=\"init\">\n<fieldset class=\"hidden-fields-container\"><input type=\"hidden\" name=\"_wpcf7\" value=\"58451\" \/><input type=\"hidden\" name=\"_wpcf7_version\" value=\"6.1.4\" \/><input type=\"hidden\" name=\"_wpcf7_locale\" value=\"ru_RU\" \/><input type=\"hidden\" name=\"_wpcf7_unit_tag\" value=\"wpcf7-f58451-o1\" \/><input type=\"hidden\" name=\"_wpcf7_container_post\" value=\"0\" \/><input type=\"hidden\" name=\"_wpcf7_posted_data_hash\" value=\"\" \/>\n<\/fieldset>\n<div class=\"row\">\n\t<div class=\"col-12 col-md-4\">\n\t\t<div class=\"form-group\">\n\t\t\t<p><span class=\"wpcf7-form-control-wrap\" data-name=\"your-name\"><input size=\"40\" maxlength=\"400\" class=\"wpcf7-form-control wpcf7-text wpcf7-validates-as-required form-control\" aria-required=\"true\" aria-invalid=\"false\" placeholder=\"Nume*\" value=\"\" type=\"text\" name=\"your-name\" \/><\/span>\n\t\t\t<\/p>\n\t\t<\/div>\n\t<\/div>\n\t<div class=\"col-12 col-md-4\">\n\t\t<div class=\"form-group\">\n\t\t\t<p><span class=\"wpcf7-form-control-wrap\" data-name=\"your-prename\"><input size=\"40\" maxlength=\"400\" class=\"wpcf7-form-control wpcf7-text form-control\" aria-invalid=\"false\" placeholder=\"Prenume\" value=\"\" type=\"text\" name=\"your-prename\" \/><\/span>\n\t\t\t<\/p>\n\t\t<\/div>\n\t<\/div>\n\t<div class=\"col-12 col-md-4\">\n\t\t<div class=\"form-group\">\n\t\t\t<p><span class=\"wpcf7-form-control-wrap\" data-name=\"your-phone\"><input size=\"40\" maxlength=\"400\" class=\"wpcf7-form-control wpcf7-tel wpcf7-validates-as-required wpcf7-text wpcf7-validates-as-tel form-control\" aria-required=\"true\" aria-invalid=\"false\" placeholder=\"Num\u0103r de contact*\" value=\"\" type=\"tel\" name=\"your-phone\" \/><\/span>\n\t\t\t<\/p>\n\t\t<\/div>\n\t<\/div>\n<\/div>\n<p><b>Descrierea vehiculului dvs:<\/b>\n<\/p>\n<div class=\"row\">\n\t<div class=\"col-12 col-md-12\">\n\t\t<div class=\"form-group\">\n\t\t\t<p><div id=\"mfcf7_zl_multifilecontainer\"><span class=\"mfcf7-zl-multiline-sample\" style=\"display:none\"><p class=\"wpcf7-form-control-wrap photo_trade_in\"><input size=\"40\" class=\"wpcf7-form-control wpcf7-multilinefile photo_button\" multiple=\"multiple\" value=\"\u00cencarc\u0103 imagine\" aria-invalid=\"false\" type=\"file\" name=\"photo_trade_in[]\" \/> <span class=\"mfcf7-zl-multifile-name\"><\/span><a href=\"javascript:void(0);\" class=\"mfcf7_zl_delete_file\"><span class=\"delete-file\" aria-hidden=\"true\">&#x274C;<\/span><\/a><\/p><\/span><\/div><span class=\"wpcf7-form-control-wrap zl-form-control-wrap photo_trade_in\"><input size=\"40\" class=\"wpcf7-form-control wpcf7-multilinefile photo_button\" multiple=\"multiple\" value=\"\u00cencarc\u0103 imagine\" aria-invalid=\"false\" type=\"file\" name=\"photo_trade_in[]\" \/> <span class=\"mfcf7-zl-multifile-name\"><\/span><a href=\"javascript:void(0);\" class=\"mfcf7_zl_delete_file\"><span class=\"delete-file\" aria-hidden=\"true\">&#x274C;<\/span><\/a><\/span><p><label><span class=\"wpcf7-form-control-wrap\" data-name=\"photo_trade_in-zl-mfcf7-upld-btn\"><input type=\"button\" name=\"photo_trade_in-zl-mfcf7-upld-btn\" class=\"button button-primary qbutton\" id=\"mfcf7_zl_add_file\" value=\"\u00cencarc\u0103 imagine\"><\/span><\/label><\/p>\n\t\t\t<\/p>\n\t\t<\/div>\n\t<\/div>\n\t<div class=\"col-12 col-md-4\">\n\t\t<div class=\"form-group\">\n\t\t\t<p><span class=\"wpcf7-form-control-wrap\" data-name=\"model\"><input size=\"40\" maxlength=\"400\" class=\"wpcf7-form-control wpcf7-text wpcf7-validates-as-required form-control\" aria-required=\"true\" aria-invalid=\"false\" placeholder=\"Modelul automobilului*\" value=\"\" type=\"text\" name=\"model\" \/><\/span>\n\t\t\t<\/p>\n\t\t<\/div>\n\t<\/div>\n\t<div class=\"col-12 col-md-4\">\n\t\t<div class=\"form-group\">\n\t\t\t<p><span class=\"wpcf7-form-control-wrap\" data-name=\"year-code\"><input size=\"40\" maxlength=\"400\" class=\"wpcf7-form-control wpcf7-text form-control\" aria-invalid=\"false\" placeholder=\"Anul emiterii\" value=\"\" type=\"text\" name=\"year-code\" \/><\/span>\n\t\t\t<\/p>\n\t\t<\/div>\n\t<\/div>\n\t<div class=\"col-12 col-md-4\">\n\t\t<div class=\"form-group\">\n\t\t\t<p><span class=\"wpcf7-form-control-wrap\" data-name=\"type-engine\"><select class=\"wpcf7-form-control wpcf7-select wpcf7-validates-as-required custom-select\" aria-required=\"true\" aria-invalid=\"false\" name=\"type-engine\"><option value=\"\">Tip motor*<\/option><option value=\"Benzin\u0103\">Benzin\u0103<\/option><option value=\"Diesel\">Diesel<\/option><\/select><\/span>\n\t\t\t<\/p>\n\t\t<\/div>\n\t<\/div>\n\t<div class=\"col-12 col-md-4\">\n\t\t<div class=\"form-group\">\n\t\t\t<p><span class=\"wpcf7-form-control-wrap\" data-name=\"l-engine\"><input size=\"40\" maxlength=\"400\" class=\"wpcf7-form-control wpcf7-text form-control\" aria-invalid=\"false\" placeholder=\"Volum (l)\" value=\"\" type=\"text\" name=\"l-engine\" \/><\/span>\n\t\t\t<\/p>\n\t\t<\/div>\n\t<\/div>\n\t<div class=\"col-12 col-md-4\">\n\t\t<div class=\"form-group\">\n\t\t\t<p><span class=\"wpcf7-form-control-wrap\" data-name=\"transmisia-auto\"><select class=\"wpcf7-form-control wpcf7-select custom-select\" aria-invalid=\"false\" name=\"transmisia-auto\"><option value=\"\">Transmitere<\/option><option value=\"Mecanic\u0103\">Mecanic\u0103<\/option><option value=\"Automat\u0103\">Automat\u0103<\/option><\/select><\/span>\n\t\t\t<\/p>\n\t\t<\/div>\n\t<\/div>\n\t<div class=\"col-12 col-md-4\">\n\t\t<div class=\"form-group\">\n\t\t\t<p><span class=\"wpcf7-form-control-wrap\" data-name=\"probeg-auto\"><input size=\"40\" maxlength=\"400\" class=\"wpcf7-form-control wpcf7-text wpcf7-validates-as-required form-control\" aria-required=\"true\" aria-invalid=\"false\" placeholder=\"Kilometraj (km)*\" value=\"\" type=\"text\" name=\"probeg-auto\" \/><\/span>\n\t\t\t<\/p>\n\t\t<\/div>\n\t<\/div>\n\t<div class=\"col-12 col-md-4\">\n\t\t<div class=\"form-group\">\n\t\t\t<p><span class=\"wpcf7-form-control-wrap\" data-name=\"color-auto\"><input size=\"40\" maxlength=\"400\" class=\"wpcf7-form-control wpcf7-text form-control\" aria-invalid=\"false\" placeholder=\"Culoare\" value=\"\" type=\"text\" name=\"color-auto\" \/><\/span>\n\t\t\t<\/p>\n\t\t<\/div>\n\t<\/div>\n\t<div class=\"col-12 col-md-4\">\n\t\t<div class=\"form-group\">\n\t\t\t<p><span class=\"wpcf7-form-control-wrap\" data-name=\"price-auto\"><input size=\"40\" maxlength=\"400\" class=\"wpcf7-form-control wpcf7-text form-control\" aria-invalid=\"false\" placeholder=\"Pre\u021bul, cu care \u00ee\u021bi valorifici automobilul\" value=\"\" type=\"text\" name=\"price-auto\" \/><\/span>\n\t\t\t<\/p>\n\t\t<\/div>\n\t<\/div>\n\t<div class=\"col-12 col-md-4\">\n\t\t<div class=\"form-group\">\n\t\t\t<p>[select* new-auto class:custom-select first_as_label \"Masina dorita\" Kia\" \"Picanto\" \"Ceed\" \"Ceed SW\" \"Rio\" \"Rio X-Line\" \"Stinger\" \"Niro\" \"Stonic\" \"Seltos\" \"Sportage\" \"Sorento\" \"Noul Sportage\"]\n\t\t\t<\/p>\n\t\t<\/div>\n\t<\/div>\n<\/div>\n<div class=\"row\">\n\t<div class=\"col-12 col-md-2 ml-0 ml-md-auto\">\n\t\t<p><button class=\"btn my-button next-btn btn-primary calc-btn\">Trimite o cerere<\/button>\n\t\t<\/p>\n\t<\/div>\n<\/div><div class=\"wpcf7-response-output\" aria-hidden=\"true\"><\/div>\n<\/form>\n<\/div>\n\n","protected":false},"excerpt":{"rendered":"<p>Vrei s\u0103 schimbi ma\u0219ina ta veche pe una nou\u0103? Reprezentan\u021ba auto KIA Moldova \u00ee\u021bi ofer\u0103 serviciul avantajos \u201eTrade-In\u201d. Trade-In este un sistem profitabil \u00een care noi cump\u0103r\u0103m ma\u0219ina ta veche, iar tu achi\u021bi diferen\u021ba pentru o ma\u0219in\u0103 nou\u0103. Aceast\u0103 opera\u021biune v\u0103 permite s\u0103 face\u021bi achizi\u021bia unui automobil nou KIA c\u00e2t mai confortabil, rapid \u0219i sigur. [&hellip;]<\/p>\n","protected":false},"author":1,"featured_media":0,"parent":0,"menu_order":6,"comment_status":"closed","ping_status":"closed","template":"","meta":{"footnotes":""},"class_list":["post-58594","page","type-page","status-publish","hentry"],"yoast_head":"<!-- This site is optimized with the Yoast SEO plugin v26.6 - https:\/\/yoast.com\/wordpress\/plugins\/seo\/ -->\n<title>Trade-In - KIA Moldova<\/title>\n<meta name=\"robots\" content=\"index, follow, max-snippet:-1, max-image-preview:large, max-video-preview:-1\" \/>\n<link rel=\"canonical\" href=\"https:\/\/kia.md\/ro\/trade-in\/\" \/>\n<meta property=\"og:locale\" content=\"ro_RO\" \/>\n<meta property=\"og:type\" content=\"article\" \/>\n<meta property=\"og:title\" content=\"Trade-In - KIA Moldova\" \/>\n<meta property=\"og:description\" content=\"Vrei s\u0103 schimbi ma\u0219ina ta veche pe una nou\u0103? Reprezentan\u021ba auto KIA Moldova \u00ee\u021bi ofer\u0103 serviciul avantajos \u201eTrade-In\u201d. Trade-In este un sistem profitabil \u00een care noi cump\u0103r\u0103m ma\u0219ina ta veche, iar tu achi\u021bi diferen\u021ba pentru o ma\u0219in\u0103 nou\u0103. Aceast\u0103 opera\u021biune v\u0103 permite s\u0103 face\u021bi achizi\u021bia unui automobil nou KIA c\u00e2t mai confortabil, rapid \u0219i sigur. [&hellip;]\" \/>\n<meta property=\"og:url\" content=\"https:\/\/kia.md\/ro\/trade-in\/\" \/>\n<meta property=\"og:site_name\" content=\"KIA Moldova\" \/>\n<meta property=\"article:modified_time\" content=\"2022-02-02T11:33:46+00:00\" \/>\n<meta name=\"twitter:card\" content=\"summary_large_image\" \/>\n<meta name=\"twitter:label1\" content=\"Timp estimat pentru citire\" \/>\n\t<meta name=\"twitter:data1\" content=\"1 minut\" \/>\n<script type=\"application\/ld+json\" class=\"yoast-schema-graph\">{\"@context\":\"https:\/\/schema.org\",\"@graph\":[{\"@type\":\"WebPage\",\"@id\":\"https:\/\/kia.md\/ro\/trade-in\/\",\"url\":\"https:\/\/kia.md\/ro\/trade-in\/\",\"name\":\"Trade-In - KIA Moldova\",\"isPartOf\":{\"@id\":\"https:\/\/kia.md\/ro\/#website\"},\"datePublished\":\"2022-02-02T10:23:11+00:00\",\"dateModified\":\"2022-02-02T11:33:46+00:00\",\"breadcrumb\":{\"@id\":\"https:\/\/kia.md\/ro\/trade-in\/#breadcrumb\"},\"inLanguage\":\"ro-RO\",\"potentialAction\":[{\"@type\":\"ReadAction\",\"target\":[\"https:\/\/kia.md\/ro\/trade-in\/\"]}]},{\"@type\":\"BreadcrumbList\",\"@id\":\"https:\/\/kia.md\/ro\/trade-in\/#breadcrumb\",\"itemListElement\":[{\"@type\":\"ListItem\",\"position\":1,\"name\":\"\u0413\u043b\u0430\u0432\u043d\u0430\u044f \u0441\u0442\u0440\u0430\u043d\u0438\u0446\u0430\",\"item\":\"https:\/\/kia.md\/ro\/\"},{\"@type\":\"ListItem\",\"position\":2,\"name\":\"Trade-In\"}]},{\"@type\":\"WebSite\",\"@id\":\"https:\/\/kia.md\/ro\/#website\",\"url\":\"https:\/\/kia.md\/ro\/\",\"name\":\"KIA Moldova\",\"description\":\"AutoFrame-FM distribuitorul oficial al automobilelor KIA \u00een Moldova, Chi\u0219in\u0103u Socoleni18 kia md\",\"potentialAction\":[{\"@type\":\"SearchAction\",\"target\":{\"@type\":\"EntryPoint\",\"urlTemplate\":\"https:\/\/kia.md\/ro\/?s={search_term_string}\"},\"query-input\":{\"@type\":\"PropertyValueSpecification\",\"valueRequired\":true,\"valueName\":\"search_term_string\"}}],\"inLanguage\":\"ro-RO\"}]}<\/script>\n<!-- \/ Yoast SEO plugin. -->","yoast_head_json":{"title":"Trade-In - KIA Moldova","robots":{"index":"index","follow":"follow","max-snippet":"max-snippet:-1","max-image-preview":"max-image-preview:large","max-video-preview":"max-video-preview:-1"},"canonical":"https:\/\/kia.md\/ro\/trade-in\/","og_locale":"ro_RO","og_type":"article","og_title":"Trade-In - KIA Moldova","og_description":"Vrei s\u0103 schimbi ma\u0219ina ta veche pe una nou\u0103? Reprezentan\u021ba auto KIA Moldova \u00ee\u021bi ofer\u0103 serviciul avantajos \u201eTrade-In\u201d. Trade-In este un sistem profitabil \u00een care noi cump\u0103r\u0103m ma\u0219ina ta veche, iar tu achi\u021bi diferen\u021ba pentru o ma\u0219in\u0103 nou\u0103. Aceast\u0103 opera\u021biune v\u0103 permite s\u0103 face\u021bi achizi\u021bia unui automobil nou KIA c\u00e2t mai confortabil, rapid \u0219i sigur. [&hellip;]","og_url":"https:\/\/kia.md\/ro\/trade-in\/","og_site_name":"KIA Moldova","article_modified_time":"2022-02-02T11:33:46+00:00","twitter_card":"summary_large_image","twitter_misc":{"Timp estimat pentru citire":"1 minut"},"schema":{"@context":"https:\/\/schema.org","@graph":[{"@type":"WebPage","@id":"https:\/\/kia.md\/ro\/trade-in\/","url":"https:\/\/kia.md\/ro\/trade-in\/","name":"Trade-In - KIA Moldova","isPartOf":{"@id":"https:\/\/kia.md\/ro\/#website"},"datePublished":"2022-02-02T10:23:11+00:00","dateModified":"2022-02-02T11:33:46+00:00","breadcrumb":{"@id":"https:\/\/kia.md\/ro\/trade-in\/#breadcrumb"},"inLanguage":"ro-RO","potentialAction":[{"@type":"ReadAction","target":["https:\/\/kia.md\/ro\/trade-in\/"]}]},{"@type":"BreadcrumbList","@id":"https:\/\/kia.md\/ro\/trade-in\/#breadcrumb","itemListElement":[{"@type":"ListItem","position":1,"name":"\u0413\u043b\u0430\u0432\u043d\u0430\u044f \u0441\u0442\u0440\u0430\u043d\u0438\u0446\u0430","item":"https:\/\/kia.md\/ro\/"},{"@type":"ListItem","position":2,"name":"Trade-In"}]},{"@type":"WebSite","@id":"https:\/\/kia.md\/ro\/#website","url":"https:\/\/kia.md\/ro\/","name":"KIA Moldova","description":"AutoFrame-FM distribuitorul oficial al automobilelor KIA \u00een Moldova, Chi\u0219in\u0103u Socoleni18 kia md","potentialAction":[{"@type":"SearchAction","target":{"@type":"EntryPoint","urlTemplate":"https:\/\/kia.md\/ro\/?s={search_term_string}"},"query-input":{"@type":"PropertyValueSpecification","valueRequired":true,"valueName":"search_term_string"}}],"inLanguage":"ro-RO"}]}},"_links":{"self":[{"href":"https:\/\/kia.md\/ro\/wp-json\/wp\/v2\/pages\/58594","targetHints":{"allow":["GET"]}}],"collection":[{"href":"https:\/\/kia.md\/ro\/wp-json\/wp\/v2\/pages"}],"about":[{"href":"https:\/\/kia.md\/ro\/wp-json\/wp\/v2\/types\/page"}],"author":[{"embeddable":true,"href":"https:\/\/kia.md\/ro\/wp-json\/wp\/v2\/users\/1"}],"replies":[{"embeddable":true,"href":"https:\/\/kia.md\/ro\/wp-json\/wp\/v2\/comments?post=58594"}],"version-history":[{"count":3,"href":"https:\/\/kia.md\/ro\/wp-json\/wp\/v2\/pages\/58594\/revisions"}],"predecessor-version":[{"id":58601,"href":"https:\/\/kia.md\/ro\/wp-json\/wp\/v2\/pages\/58594\/revisions\/58601"}],"wp:attachment":[{"href":"https:\/\/kia.md\/ro\/wp-json\/wp\/v2\/media?parent=58594"}],"curies":[{"name":"wp","href":"https:\/\/api.w.org\/{rel}","templated":true}]}}